{"id":14,"date":"2015-02-22T19:56:18","date_gmt":"2015-02-22T19:56:18","guid":{"rendered":"http:\/\/wp\/enfold-medium-business\/?page_id=14"},"modified":"2023-01-19T13:09:28","modified_gmt":"2023-01-19T12:09:28","slug":"news","status":"publish","type":"page","link":"https:\/\/www.anti-aging-sta.de\/?page_id=14","title":{"rendered":"Impressum"},"content":{"rendered":"\n<style type=\"text\/css\" data-created_by=\"avia_inline_auto\" id=\"style-css-av-cymuq-70e343bf5572f0e75b9bf5bba77345f4\">\n.avia-section.av-cymuq-70e343bf5572f0e75b9bf5bba77345f4 .av-parallax .av-parallax-inner{\nbackground-repeat:no-repeat;\nbackground-image:url(https:\/\/www.anti-aging-sta.de\/wp-content\/uploads\/2023\/01\/1-back-praxis_2.jpg);\nbackground-position:50% 100%;\nbackground-attachment:scroll;\n}\n<\/style>\n<div id='av_section_1'  class='avia-section av-cymuq-70e343bf5572f0e75b9bf5bba77345f4 main_color avia-section-huge avia-no-border-styling  avia-builder-el-0  el_before_av_section  avia-builder-el-first  avia-full-stretch av-parallax-section avia-bg-style-parallax container_wrap fullsize'  data-section-bg-repeat='stretch'><div class='av-parallax' data-avia-parallax-ratio='0.3' ><div class='av-parallax-inner main_color avia-full-stretch'><\/div><\/div><div class=\"av-section-color-overlay-wrap\"><a href='#next-section' title='' class='scroll-down-link ' aria-hidden='true' data-av_icon='\ue877' data-av_iconfont='entypo-fontello'><\/a><div class='container av-section-cont-open' ><main  role=\"main\" itemprop=\"mainContentOfPage\"  class='template-page content  av-content-full alpha units'><div class='post-entry post-entry-type-page post-entry-14'><div class='entry-content-wrapper clearfix'>\n<div class='flex_column av-cgpva-19e62e1725239a18e414345b0e98a571 av_one_fifth  avia-builder-el-1  el_before_av_three_fifth  avia-builder-el-first  first flex_column_div '     ><\/div><div class='flex_column av-bw77m-d53d5a02803aebbbd5f2355416a20d57 av_three_fifth  avia-builder-el-2  el_after_av_one_fifth  el_before_av_one_fifth  flex_column_div '     ><p>\n<style type=\"text\/css\" data-created_by=\"avia_inline_auto\" id=\"style-css-av-aupoa-1b728fdbafefb0ddba814e860135646b\">\n#top .av-special-heading.av-aupoa-1b728fdbafefb0ddba814e860135646b{\npadding-bottom:10px;\ncolor:#ffffff;\nfont-size:40px;\n}\nbody .av-special-heading.av-aupoa-1b728fdbafefb0ddba814e860135646b .av-special-heading-tag .heading-char{\nfont-size:25px;\n}\n#top #wrap_all .av-special-heading.av-aupoa-1b728fdbafefb0ddba814e860135646b .av-special-heading-tag{\nfont-size:40px;\n}\n.av-special-heading.av-aupoa-1b728fdbafefb0ddba814e860135646b .special-heading-inner-border{\nborder-color:#ffffff;\n}\n.av-special-heading.av-aupoa-1b728fdbafefb0ddba814e860135646b .av-subheading{\nfont-size:15px;\n}\n\n@media only screen and (min-width: 480px) and (max-width: 767px){ \n#top #wrap_all .av-special-heading.av-aupoa-1b728fdbafefb0ddba814e860135646b .av-special-heading-tag{\nfont-size:0.8em;\n}\n}\n\n@media only screen and (max-width: 479px){ \n#top #wrap_all .av-special-heading.av-aupoa-1b728fdbafefb0ddba814e860135646b .av-special-heading-tag{\nfont-size:0.8em;\n}\n}\n<\/style>\n<div  class='av-special-heading av-aupoa-1b728fdbafefb0ddba814e860135646b av-special-heading-h1 custom-color-heading blockquote modern-quote modern-centered  avia-builder-el-3  el_before_av_hr  avia-builder-el-first  av-thin-font av-inherit-size'><h1 class='av-special-heading-tag'  itemprop=\"headline\"  >Impressum<br \/> <strong>Dr. med. Karin Semprini<\/strong><\/h1><div class=\"special-heading-border\"><div class=\"special-heading-inner-border\"><\/div><\/div><\/div><br \/>\n\n<style type=\"text\/css\" data-created_by=\"avia_inline_auto\" id=\"style-css-av-aa2um-ca367b324ff951933bfa1610518fac87\">\n#top .hr.av-aa2um-ca367b324ff951933bfa1610518fac87{\nmargin-top:40px;\nmargin-bottom:40px;\n}\n.hr.av-aa2um-ca367b324ff951933bfa1610518fac87 .hr-inner{\nwidth:50px;\nborder-color:#ffffff;\n}\n<\/style>\n<div  class='hr av-aa2um-ca367b324ff951933bfa1610518fac87 hr-custom  avia-builder-el-4  el_after_av_heading  avia-builder-el-last  hr-center hr-icon-no'><span class='hr-inner inner-border-av-border-fat'><span class=\"hr-inner-style\"><\/span><\/span><\/div><\/p><\/div><div class='flex_column av-9z9ni-31780f473081ea24db4cfaf3b82716fc av_one_fifth  avia-builder-el-5  el_after_av_three_fifth  avia-builder-el-last  flex_column_div '     ><\/div><\/div><\/div><\/main><!-- close content main element --><\/div><\/div><\/div><div id='av_section_2'  class='avia-section av-19xem-01d2ba39a151114337a510f3039ab776 main_color avia-section-default avia-no-border-styling  avia-builder-el-6  el_after_av_section  avia-builder-el-last  avia-bg-style-scroll container_wrap fullsize'  ><div class='container av-section-cont-open' ><div class='template-page content  av-content-full alpha units'><div class='post-entry post-entry-type-page post-entry-14'><div class='entry-content-wrapper clearfix'>\n<div class='flex_column av-zrny-00d04f07bf37ffd7494aa16a413a1bed av_one_full  avia-builder-el-7  avia-builder-el-no-sibling  first flex_column_div '     ><section  class='av_textblock_section av-ld30mqsa-1a21244d2599e6305f67951bae5390d3'  itemscope=\"itemscope\" itemtype=\"https:\/\/schema.org\/CreativeWork\" ><div class='avia_textblock'  itemprop=\"text\" ><div id=\"text\">\n<p><b>PRAXISANSCHRIFT<\/b><\/p>\n<p>SEMPRINI<br \/>\nDr.med. Karin Semprini<br \/>\nFach\u00e4rztin f\u00fcr Allgemeinmedizin<\/p>\n<p>Adresse: Achheimstr. 3a | 822319 Starnberg<\/p>\n<p>Telefon:\u00a0(08151) 95 96 735<br \/>\nMobil: (0176) 24 60 32 44<\/p>\n<p>E-Mail: info@drsemprini.com<br \/>\nInternet: www.drsemprini.com<\/p>\n<p>Ust-IdNr.\u00a0296 903 212<\/p>\n<\/div>\n<div class=\"text2\">\n<p><b>\u00c4RZTEKAMMER<\/b><br \/>\nBayrische Landes\u00e4rztekammer<br \/>\nM\u00fchlbauerstra\u00dfe 16<br \/>\n81677 M\u00fcnchen<br \/>\nTelefon: 089 41470, Fax: 089 4147280<br \/>\nE-Mail: info@blaek.de<br \/>\nwww.blaek.de<\/p>\n<p><b>B<\/b><b>ERUFSRECHTLICHE REGELUNGEN:<\/b><br \/>\nBerufsordnung der Bayerischen Landes\u00e4rztekammer<\/p>\n<p><b>MITGLIEDSTAAT DER EU, IN DEM DIE ARZTBEZEICHNUNG VERLIEHEN WURDE:<\/b><br \/>\nDie Berufsbezeichnung Arzt wurde f\u00fcr die oven genannte \u00c4rztin in Deutschland verliehen<\/p>\n<p><b>LAYOUT UND UMSETZUNG<\/b>:<br \/>\nMelanie Randlkofer<\/p>\n<p><b>URHEBERRECHTE \/ HAFTUNGSAUSSCHLUSS:<\/b><br \/>\nSemprini ist ein eingetragenes Markenzeichen.<br \/>\nDiese Webseite enth\u00e4lt Texte, Logos,die dem Schutz des Urheberrechtsgesetzes und\/oder weiterer Schutzrechte unterliegen. Die kommerzielle Nutzung des Inhaltes durch jede Art der Vervielf\u00e4ltigung, Verbreitung und Ver\u00e4nderung ist untersagt. Wie weisen darauf hin, dass eine Verletzung unserer Urheber- oder sonstigen Schutzrechte zivil-und\/oder strafrechtliche Konsequenzen nach sich ziehen kann. Botox und Vistabel sind ein eingetragenes Markenzeichen der Firma Allergan. F\u00fcr Richtigkeit, Vollst\u00e4ndigkeit und Aktualit\u00e4t der auf dieser Webseite publizierter Informationen und Meinungs\u00e4u\u00dferungen wird keine Gew\u00e4hrleistung \u00fcbernommen. Nutzung der auf den Internetseiten zur Verf\u00fcgung gestellten Inhalte und Informationen erfolgt auf alleinige Gefahr des Benutzers. Wir halten uns ausdr\u00fccklich vor, Teile der Seiten oder das gesammte Angebot ohne gesonderte Ank\u00fcndigung zu ver\u00e4ndern, erg\u00e4nzen, zu l\u00f6schen oder die Ver\u00f6ffentlichung zeitweise oder endg\u00fcltig einzustellen.<\/p>\n<\/div>\n<p><strong>BILDNACHWEIS:<\/strong>\u00a0www.shutterstock.com<\/p>\n<\/div><\/section><\/div>\n<\/p>\n","protected":false},"excerpt":{"rendered":"","protected":false},"author":1,"featured_media":0,"parent":0,"menu_order":0,"comment_status":"open","ping_status":"open","template":"","meta":{"footnotes":""},"class_list":["post-14","page","type-page","status-publish","hentry"],"yoast_head":"<!-- This site is optimized with the Yoast SEO plugin v23.0 - https:\/\/yoast.com\/wordpress\/plugins\/seo\/ -->\n<title>Impressum - Dr. med. Karin Semprini | Revital | Infusionen | K\u00e4ltetherapie<\/title>\n<meta name=\"robots\" content=\"index, follow, max-snippet:-1, max-image-preview:large, max-video-preview:-1\" \/>\n<link rel=\"canonical\" href=\"https:\/\/www.anti-aging-sta.de\/?page_id=14\" \/>\n<meta property=\"og:locale\" content=\"en_US\" \/>\n<meta property=\"og:type\" content=\"article\" \/>\n<meta property=\"og:title\" content=\"Impressum - Dr. med. Karin Semprini | Revital | Infusionen | K\u00e4ltetherapie\" \/>\n<meta property=\"og:url\" content=\"https:\/\/www.anti-aging-sta.de\/?page_id=14\" \/>\n<meta property=\"og:site_name\" content=\"Dr. med. Karin Semprini | Revital | Infusionen | K\u00e4ltetherapie\" \/>\n<meta property=\"article:modified_time\" content=\"2023-01-19T12:09:28+00:00\" \/>\n<meta name=\"twitter:card\" content=\"summary_large_image\" \/>\n<meta name=\"twitter:label1\" content=\"Est. reading time\" \/>\n\t<meta name=\"twitter:data1\" content=\"7 minutes\" \/>\n<script type=\"application\/ld+json\" class=\"yoast-schema-graph\">{\"@context\":\"https:\/\/schema.org\",\"@graph\":[{\"@type\":\"WebPage\",\"@id\":\"https:\/\/www.anti-aging-sta.de\/?page_id=14\",\"url\":\"https:\/\/www.anti-aging-sta.de\/?page_id=14\",\"name\":\"Impressum - Dr. med. Karin Semprini | Revital | Infusionen | K\u00e4ltetherapie\",\"isPartOf\":{\"@id\":\"https:\/\/www.anti-aging-sta.de\/#website\"},\"datePublished\":\"2015-02-22T19:56:18+00:00\",\"dateModified\":\"2023-01-19T12:09:28+00:00\",\"breadcrumb\":{\"@id\":\"https:\/\/www.anti-aging-sta.de\/?page_id=14#breadcrumb\"},\"inLanguage\":\"en-US\",\"potentialAction\":[{\"@type\":\"ReadAction\",\"target\":[\"https:\/\/www.anti-aging-sta.de\/?page_id=14\"]}]},{\"@type\":\"BreadcrumbList\",\"@id\":\"https:\/\/www.anti-aging-sta.de\/?page_id=14#breadcrumb\",\"itemListElement\":[{\"@type\":\"ListItem\",\"position\":1,\"name\":\"Startseite\",\"item\":\"https:\/\/www.anti-aging-sta.de\/\"},{\"@type\":\"ListItem\",\"position\":2,\"name\":\"Impressum\"}]},{\"@type\":\"WebSite\",\"@id\":\"https:\/\/www.anti-aging-sta.de\/#website\",\"url\":\"https:\/\/www.anti-aging-sta.de\/\",\"name\":\"Dr. med. Karin Semprini | Revital | Infusionen | K\u00e4ltetherapie\",\"description\":\"Revitalisierung von K\u00f6rper und Geist\",\"potentialAction\":[{\"@type\":\"SearchAction\",\"target\":{\"@type\":\"EntryPoint\",\"urlTemplate\":\"https:\/\/www.anti-aging-sta.de\/?s={search_term_string}\"},\"query-input\":\"required name=search_term_string\"}],\"inLanguage\":\"en-US\"}]}<\/script>\n<!-- \/ Yoast SEO plugin. -->","yoast_head_json":{"title":"Impressum - Dr. med. Karin Semprini | Revital | Infusionen | K\u00e4ltetherapie","robots":{"index":"index","follow":"follow","max-snippet":"max-snippet:-1","max-image-preview":"max-image-preview:large","max-video-preview":"max-video-preview:-1"},"canonical":"https:\/\/www.anti-aging-sta.de\/?page_id=14","og_locale":"en_US","og_type":"article","og_title":"Impressum - Dr. med. Karin Semprini | Revital | Infusionen | K\u00e4ltetherapie","og_url":"https:\/\/www.anti-aging-sta.de\/?page_id=14","og_site_name":"Dr. med. Karin Semprini | Revital | Infusionen | K\u00e4ltetherapie","article_modified_time":"2023-01-19T12:09:28+00:00","twitter_card":"summary_large_image","twitter_misc":{"Est. reading time":"7 minutes"},"schema":{"@context":"https:\/\/schema.org","@graph":[{"@type":"WebPage","@id":"https:\/\/www.anti-aging-sta.de\/?page_id=14","url":"https:\/\/www.anti-aging-sta.de\/?page_id=14","name":"Impressum - Dr. med. Karin Semprini | Revital | Infusionen | K\u00e4ltetherapie","isPartOf":{"@id":"https:\/\/www.anti-aging-sta.de\/#website"},"datePublished":"2015-02-22T19:56:18+00:00","dateModified":"2023-01-19T12:09:28+00:00","breadcrumb":{"@id":"https:\/\/www.anti-aging-sta.de\/?page_id=14#breadcrumb"},"inLanguage":"en-US","potentialAction":[{"@type":"ReadAction","target":["https:\/\/www.anti-aging-sta.de\/?page_id=14"]}]},{"@type":"BreadcrumbList","@id":"https:\/\/www.anti-aging-sta.de\/?page_id=14#breadcrumb","itemListElement":[{"@type":"ListItem","position":1,"name":"Startseite","item":"https:\/\/www.anti-aging-sta.de\/"},{"@type":"ListItem","position":2,"name":"Impressum"}]},{"@type":"WebSite","@id":"https:\/\/www.anti-aging-sta.de\/#website","url":"https:\/\/www.anti-aging-sta.de\/","name":"Dr. med. Karin Semprini | Revital | Infusionen | K\u00e4ltetherapie","description":"Revitalisierung von K\u00f6rper und Geist","potentialAction":[{"@type":"SearchAction","target":{"@type":"EntryPoint","urlTemplate":"https:\/\/www.anti-aging-sta.de\/?s={search_term_string}"},"query-input":"required name=search_term_string"}],"inLanguage":"en-US"}]}},"_links":{"self":[{"href":"https:\/\/www.anti-aging-sta.de\/index.php?rest_route=\/wp\/v2\/pages\/14","targetHints":{"allow":["GET"]}}],"collection":[{"href":"https:\/\/www.anti-aging-sta.de\/index.php?rest_route=\/wp\/v2\/pages"}],"about":[{"href":"https:\/\/www.anti-aging-sta.de\/index.php?rest_route=\/wp\/v2\/types\/page"}],"author":[{"embeddable":true,"href":"https:\/\/www.anti-aging-sta.de\/index.php?rest_route=\/wp\/v2\/users\/1"}],"replies":[{"embeddable":true,"href":"https:\/\/www.anti-aging-sta.de\/index.php?rest_route=%2Fwp%2Fv2%2Fcomments&post=14"}],"version-history":[{"count":10,"href":"https:\/\/www.anti-aging-sta.de\/index.php?rest_route=\/wp\/v2\/pages\/14\/revisions"}],"predecessor-version":[{"id":2409,"href":"https:\/\/www.anti-aging-sta.de\/index.php?rest_route=\/wp\/v2\/pages\/14\/revisions\/2409"}],"wp:attachment":[{"href":"https:\/\/www.anti-aging-sta.de\/index.php?rest_route=%2Fwp%2Fv2%2Fmedia&parent=14"}],"curies":[{"name":"wp","href":"https:\/\/api.w.org\/{rel}","templated":true}]}}