{"id":21,"date":"2015-02-22T20:09:33","date_gmt":"2015-02-22T20:09:33","guid":{"rendered":"http:\/\/wp\/enfold-medium-business\/?page_id=21"},"modified":"2023-03-09T09:23:34","modified_gmt":"2023-03-09T08:23:34","slug":"kontakt","status":"publish","type":"page","link":"https:\/\/www.anti-aging-sta.de\/?page_id=21","title":{"rendered":"Kontakt"},"content":{"rendered":"\n<style type=\"text\/css\" data-created_by=\"avia_inline_auto\" id=\"style-css-av-gvpk9-0e9bee4822a2195bbc0bd05ad08e7bca\">\n.avia-section.av-gvpk9-0e9bee4822a2195bbc0bd05ad08e7bca .av-parallax .av-parallax-inner{\nbackground-repeat:no-repeat;\nbackground-image:url(https:\/\/www.anti-aging-sta.de\/wp-content\/uploads\/2022\/09\/praxis.jpg);\nbackground-position:50% 100%;\nbackground-attachment:scroll;\n}\n<\/style>\n<div id='av_section_1'  class='avia-section av-gvpk9-0e9bee4822a2195bbc0bd05ad08e7bca main_color avia-section-huge avia-no-border-styling  avia-builder-el-0  el_before_av_layout_row  avia-builder-el-first  av-parallax-section avia-bg-style-parallax av-minimum-height av-minimum-height-75  container_wrap fullsize'  data-section-bg-repeat='no-repeat' data-av_minimum_height_pc='75'><div class='av-parallax' data-avia-parallax-ratio='0.3' ><div class='av-parallax-inner main_color avia-full-stretch'><\/div><\/div><div class=\"av-section-color-overlay-wrap\"><a href='#next-section' title='' class='scroll-down-link ' aria-hidden='true' data-av_icon='\ue877' data-av_iconfont='entypo-fontello'><\/a><div class='container av-section-cont-open' ><main  role=\"main\" itemprop=\"mainContentOfPage\"  class='template-page content  av-content-full alpha units'><div class='post-entry post-entry-type-page post-entry-21'><div class='entry-content-wrapper clearfix'>\n<div class='flex_column av-gj6el-a8aeb37410194d1038713a99d9fa6c4a av_one_half  avia-builder-el-1  el_before_av_one_half  avia-builder-el-first  first flex_column_div '     ><\/div>\n<style type=\"text\/css\" data-created_by=\"avia_inline_auto\" id=\"style-css-av-1k6ut-4a1631921c761a0cd1ee02d5375c24da\">\n.flex_column.av-1k6ut-4a1631921c761a0cd1ee02d5375c24da{\npadding:50px 50px 50px 50px;\nbackground-color:rgba(255,255,255,0.73);\n}\n<\/style>\n<div class='flex_column av-1k6ut-4a1631921c761a0cd1ee02d5375c24da av_one_half  avia-builder-el-2  el_after_av_one_half  avia-builder-el-last  flex_column_div '     ><p>\n<style type=\"text\/css\" data-created_by=\"avia_inline_auto\" id=\"style-css-av-f1bd1-5d7c61896fa4f0ea5b19cf6c456c3d4a\">\n#top .av-special-heading.av-f1bd1-5d7c61896fa4f0ea5b19cf6c456c3d4a{\npadding-bottom:10px;\ncolor:#af5050;\nfont-size:40px;\n}\nbody .av-special-heading.av-f1bd1-5d7c61896fa4f0ea5b19cf6c456c3d4a .av-special-heading-tag .heading-char{\nfont-size:25px;\n}\n#top #wrap_all .av-special-heading.av-f1bd1-5d7c61896fa4f0ea5b19cf6c456c3d4a .av-special-heading-tag{\nfont-size:40px;\n}\n.av-special-heading.av-f1bd1-5d7c61896fa4f0ea5b19cf6c456c3d4a .special-heading-inner-border{\nborder-color:#af5050;\n}\n.av-special-heading.av-f1bd1-5d7c61896fa4f0ea5b19cf6c456c3d4a .av-subheading{\nfont-size:15px;\n}\n\n@media only screen and (min-width: 480px) and (max-width: 767px){ \n#top #wrap_all .av-special-heading.av-f1bd1-5d7c61896fa4f0ea5b19cf6c456c3d4a .av-special-heading-tag{\nfont-size:0.8em;\n}\n}\n\n@media only screen and (max-width: 479px){ \n#top #wrap_all .av-special-heading.av-f1bd1-5d7c61896fa4f0ea5b19cf6c456c3d4a .av-special-heading-tag{\nfont-size:0.8em;\n}\n}\n<\/style>\n<div  class='av-special-heading av-f1bd1-5d7c61896fa4f0ea5b19cf6c456c3d4a av-special-heading-h1 custom-color-heading blockquote modern-quote  avia-builder-el-3  el_before_av_textblock  avia-builder-el-first  av-inherit-size'><h1 class='av-special-heading-tag'  itemprop=\"headline\"  >Kontakt<\/h1><div class=\"special-heading-border\"><div class=\"special-heading-inner-border\"><\/div><\/div><\/div><br \/>\n<section  class='av_textblock_section av-lf0uad7y-9ea951c1b562ae4c282d8173d27034aa'  itemscope=\"itemscope\" itemtype=\"https:\/\/schema.org\/CreativeWork\" ><div class='avia_textblock'  itemprop=\"text\" ><p>Wir w\u00fcrden uns freuen, Sie bei uns begr\u00fcssen zu d\u00fcrfen. <strong>Vereinbaren Sie einen Termin in unserer Praxis!<\/strong><\/p>\n<\/div><\/section><\/p><\/div><\/div><\/div><\/main><!-- close content main element --><\/div><\/div><\/div><div id='av-layout-grid-1'  class='av-layout-grid-container av-1bh1l-958685b89ddad71cab06ef7bccee7b05 entry-content-wrapper main_color av-flex-cells  avia-builder-el-5  el_after_av_section  el_before_av_google_map  grid-row-not-first  container_wrap fullsize'  >\n\n<style type=\"text\/css\" data-created_by=\"avia_inline_auto\" id=\"style-css-av-cpeol-6c7475e98cbc755e48e1ee8703f4ab17\">\n.flex_cell.av-cpeol-6c7475e98cbc755e48e1ee8703f4ab17{\nvertical-align:top;\nbackground-color:#fcfcfc;\n}\n.responsive #top #wrap_all .flex_cell.av-cpeol-6c7475e98cbc755e48e1ee8703f4ab17{\npadding:30px 30px 30px 30px !important;\n}\n<\/style>\n<div class='flex_cell av-cpeol-6c7475e98cbc755e48e1ee8703f4ab17 av-gridrow-cell av_one_half no_margin  avia-builder-el-6  el_before_av_cell_one_half  avia-builder-el-first ' ><div class='flex_cell_inner'><p>\n<style type=\"text\/css\" data-created_by=\"avia_inline_auto\" id=\"style-css-av-c90hd-1d32a245db14c474f0a2faeb384ff975\">\n#top .av-special-heading.av-c90hd-1d32a245db14c474f0a2faeb384ff975{\npadding-bottom:10px;\ncolor:#af5050;\nfont-size:40px;\n}\nbody .av-special-heading.av-c90hd-1d32a245db14c474f0a2faeb384ff975 .av-special-heading-tag .heading-char{\nfont-size:25px;\n}\n#top #wrap_all .av-special-heading.av-c90hd-1d32a245db14c474f0a2faeb384ff975 .av-special-heading-tag{\nfont-size:40px;\n}\n.av-special-heading.av-c90hd-1d32a245db14c474f0a2faeb384ff975 .special-heading-inner-border{\nborder-color:#af5050;\n}\n.av-special-heading.av-c90hd-1d32a245db14c474f0a2faeb384ff975 .av-subheading{\nfont-size:15px;\n}\n\n@media only screen and (min-width: 480px) and (max-width: 767px){ \n#top #wrap_all .av-special-heading.av-c90hd-1d32a245db14c474f0a2faeb384ff975 .av-special-heading-tag{\nfont-size:0.8em;\n}\n}\n\n@media only screen and (max-width: 479px){ \n#top #wrap_all .av-special-heading.av-c90hd-1d32a245db14c474f0a2faeb384ff975 .av-special-heading-tag{\nfont-size:0.8em;\n}\n}\n<\/style>\n<div  class='av-special-heading av-c90hd-1d32a245db14c474f0a2faeb384ff975 av-special-heading-h1 custom-color-heading blockquote modern-quote modern-centered  avia-builder-el-7  el_before_av_hr  avia-builder-el-first  av-inherit-size'><h1 class='av-special-heading-tag'  itemprop=\"headline\"  >UNSERE PRAXISR\u00c4UME IN STARNBERG<\/h1><div class=\"special-heading-border\"><div class=\"special-heading-inner-border\"><\/div><\/div><\/div><br \/>\n\n<style type=\"text\/css\" data-created_by=\"avia_inline_auto\" id=\"style-css-av-bhzc1-75f79d6215e7bee2841444830f606ce2\">\n#top .hr.av-bhzc1-75f79d6215e7bee2841444830f606ce2{\nmargin-top:40px;\nmargin-bottom:40px;\n}\n.hr.av-bhzc1-75f79d6215e7bee2841444830f606ce2 .hr-inner{\nwidth:50px;\nborder-color:#000000;\n}\n<\/style>\n<div  class='hr av-bhzc1-75f79d6215e7bee2841444830f606ce2 hr-custom  avia-builder-el-8  el_after_av_heading  el_before_av_one_full  hr-center hr-icon-no'><span class='hr-inner inner-border-av-border-fat'><span class=\"hr-inner-style\"><\/span><\/span><\/div><br \/>\n<div class='flex_column av-9zwyl-f8ade03adbee8ad50ea24fa237130404 av_one_full  avia-builder-el-9  el_after_av_hr  el_before_av_hr  first flex_column_div '     ><section  class='av_textblock_section av-9amxh-9e196b6c98d8c20b73a031982d3253f1'  itemscope=\"itemscope\" itemtype=\"https:\/\/schema.org\/CreativeWork\" ><div class='avia_textblock'  itemprop=\"text\" ><h4 style=\"text-align: center;\">SEMPRINI<\/h4>\n<p style=\"text-align: center;\">Achheimstr. 3a<br \/>\n82319 Starnberg<\/p>\n<p style=\"text-align: center;\">(08151) 95 96 734<br \/>\n(0176) 24 60 32 44<\/p>\n<p style=\"text-align: center;\"><a href=\"mailto:info@drsemprini.com\">info@drsemprini.com<\/a><\/p>\n<\/div><\/section><\/div>\n<style type=\"text\/css\" data-created_by=\"avia_inline_auto\" id=\"style-css-av-8lkjd-2722d7b5c0d0ae9e62e7f2a2ce701a20\">\n#top .hr.hr-invisible.av-8lkjd-2722d7b5c0d0ae9e62e7f2a2ce701a20{\nheight:50px;\n}\n<\/style>\n<div  class='hr av-8lkjd-2722d7b5c0d0ae9e62e7f2a2ce701a20 hr-invisible  avia-builder-el-11  el_after_av_one_full  el_before_av_image '><span class='hr-inner '><span class=\"hr-inner-style\"><\/span><\/span><\/div><br \/>\n\n<style type=\"text\/css\" data-created_by=\"avia_inline_auto\" id=\"style-css-av-l8r7zxrb-40263f1e3ae509ca2d9764dee4f20a02\">\n.avia-image-container.av-l8r7zxrb-40263f1e3ae509ca2d9764dee4f20a02 img.avia_image{\nbox-shadow:none;\n}\n.avia-image-container.av-l8r7zxrb-40263f1e3ae509ca2d9764dee4f20a02 .av-image-caption-overlay-center{\ncolor:#ffffff;\n}\n<\/style>\n<div  class='avia-image-container av-l8r7zxrb-40263f1e3ae509ca2d9764dee4f20a02 av-styling- avia-align-center  avia-builder-el-12  el_after_av_hr  avia-builder-el-last '   itemprop=\"image\" itemscope=\"itemscope\" itemtype=\"https:\/\/schema.org\/ImageObject\" ><div class=\"avia-image-container-inner\"><div class=\"avia-image-overlay-wrap\"><img decoding=\"async\" class='wp-image-596 avia-img-lazy-loading-not-596 avia_image ' src=\"https:\/\/www.anti-aging-sta.de\/wp-content\/uploads\/2022\/10\/praxis4-1024x683-1.jpg\" alt='Dr. med. Karin Semprini | Anti-aging Starnberg' title='Dr. med. Karin Semprini | Anti-aging Starnberg'  height=\"683\" width=\"1024\"  itemprop=\"thumbnailUrl\" srcset=\"https:\/\/www.anti-aging-sta.de\/wp-content\/uploads\/2022\/10\/praxis4-1024x683-1.jpg 1024w, https:\/\/www.anti-aging-sta.de\/wp-content\/uploads\/2022\/10\/praxis4-1024x683-1-300x200.jpg 300w, https:\/\/www.anti-aging-sta.de\/wp-content\/uploads\/2022\/10\/praxis4-1024x683-1-768x512.jpg 768w, https:\/\/www.anti-aging-sta.de\/wp-content\/uploads\/2022\/10\/praxis4-1024x683-1-705x470.jpg 705w\" sizes=\"(max-width: 1024px) 100vw, 1024px\" \/><\/div><\/div><\/div><\/p>\n<\/div><\/div>\n<style type=\"text\/css\" data-created_by=\"avia_inline_auto\" id=\"style-css-av-7cul1-0d8f4c91ae8338e9867e9b66339c07b9\">\n.flex_cell.av-7cul1-0d8f4c91ae8338e9867e9b66339c07b9{\nvertical-align:top;\n}\n.responsive #top #wrap_all .flex_cell.av-7cul1-0d8f4c91ae8338e9867e9b66339c07b9{\npadding:30px 30px 30px 30px !important;\n}\n<\/style>\n<div class='flex_cell av-7cul1-0d8f4c91ae8338e9867e9b66339c07b9 av-gridrow-cell av_one_half no_margin  avia-builder-el-13  el_after_av_cell_one_half  avia-builder-el-last ' ><div class='flex_cell_inner'><p>\n<style type=\"text\/css\" data-created_by=\"avia_inline_auto\" id=\"style-css-av-6zq7h-949f6710ed12cbed0a8356dff24f6a5d\">\n#top .av-special-heading.av-6zq7h-949f6710ed12cbed0a8356dff24f6a5d{\npadding-bottom:10px;\ncolor:#af5050;\nfont-size:40px;\n}\nbody .av-special-heading.av-6zq7h-949f6710ed12cbed0a8356dff24f6a5d .av-special-heading-tag .heading-char{\nfont-size:25px;\n}\n#top #wrap_all .av-special-heading.av-6zq7h-949f6710ed12cbed0a8356dff24f6a5d .av-special-heading-tag{\nfont-size:40px;\n}\n.av-special-heading.av-6zq7h-949f6710ed12cbed0a8356dff24f6a5d .special-heading-inner-border{\nborder-color:#af5050;\n}\n.av-special-heading.av-6zq7h-949f6710ed12cbed0a8356dff24f6a5d .av-subheading{\nfont-size:15px;\n}\n\n@media only screen and (min-width: 480px) and (max-width: 767px){ \n#top #wrap_all .av-special-heading.av-6zq7h-949f6710ed12cbed0a8356dff24f6a5d .av-special-heading-tag{\nfont-size:0.8em;\n}\n}\n\n@media only screen and (max-width: 479px){ \n#top #wrap_all .av-special-heading.av-6zq7h-949f6710ed12cbed0a8356dff24f6a5d .av-special-heading-tag{\nfont-size:0.8em;\n}\n}\n<\/style>\n<div  class='av-special-heading av-6zq7h-949f6710ed12cbed0a8356dff24f6a5d av-special-heading-h1 custom-color-heading blockquote modern-quote modern-centered  avia-builder-el-14  el_before_av_hr  avia-builder-el-first  av-inherit-size'><h1 class='av-special-heading-tag'  itemprop=\"headline\"  >TERMINANFRAGE <span class='special_amp'>&amp;<\/span> BERATUNG<\/h1><div class=\"special-heading-border\"><div class=\"special-heading-inner-border\"><\/div><\/div><\/div><br \/>\n\n<style type=\"text\/css\" data-created_by=\"avia_inline_auto\" id=\"style-css-av-6ebol-8468fe310aeafe7a6dec34b81bd2da6e\">\n#top .hr.av-6ebol-8468fe310aeafe7a6dec34b81bd2da6e{\nmargin-top:40px;\nmargin-bottom:40px;\n}\n.hr.av-6ebol-8468fe310aeafe7a6dec34b81bd2da6e .hr-inner{\nwidth:50px;\nborder-color:#000000;\n}\n<\/style>\n<div  class='hr av-6ebol-8468fe310aeafe7a6dec34b81bd2da6e hr-custom  avia-builder-el-15  el_after_av_heading  el_before_av_contact  hr-center hr-icon-no'><span class='hr-inner inner-border-av-border-fat'><span class=\"hr-inner-style\"><\/span><\/span><\/div><br \/>\n<form action=\"https:\/\/www.anti-aging-sta.de\/?page_id=21\" method=\"post\"  class=\"avia_ajax_form av-form-labels-visible   avia-builder-el-16  el_after_av_hr  el_before_av_textblock   \" data-avia-form-id=\"1\" data-avia-redirect='' ><fieldset><p class='  first_form  form_element form_element_half' id='element_avia_1_1'><label for=\"avia_1_1\">Name <abbr class=\"required\" title=\"required\">*<\/abbr><\/label> <input name=\"avia_1_1\" class=\"text_input is_empty\" type=\"text\" id=\"avia_1_1\" value=\"\" \/><\/p><p class='  form_element form_element_half' id='element_avia_2_1'><label for=\"avia_2_1\">E-Mail <abbr class=\"required\" title=\"required\">*<\/abbr><\/label> <input name=\"avia_2_1\" class=\"text_input is_email\" type=\"text\" id=\"avia_2_1\" value=\"\" \/><\/p><p class='  first_form  form_element form_fullwidth' id='element_avia_3_1'><label for=\"avia_3_1\">Betreff <abbr class=\"required\" title=\"required\">*<\/abbr><\/label> <input name=\"avia_3_1\" class=\"text_input is_empty\" type=\"text\" id=\"avia_3_1\" value=\"\" \/><\/p><p class='  first_form  form_element form_fullwidth av-last-visible-form-element' id='element_avia_4_1'><label for=\"avia_4_1\" class=\"textare_label hidden textare_label_avia_4_1\">Nachricht <abbr class=\"required\" title=\"required\">*<\/abbr><\/label><textarea  name=\"avia_4_1\" class=\"text_area is_empty\" cols=\"40\" rows=\"7\" id=\"avia_4_1\" ><\/textarea><\/p><p class=\"hidden\"><input type=\"text\" name=\"avia_5_1\" class=\"hidden \" id=\"avia_5_1\" value=\"\" \/><\/p><p class=\"form_element \"><input type=\"hidden\" value=\"1\" name=\"avia_generated_form1\" \/><input type=\"submit\" value=\"Submit\" class=\"button\"  data-sending-label=\"Sending\"\/><\/p><\/fieldset><\/form><div id=\"ajaxresponse_1\" class=\"ajaxresponse ajaxresponse_1 hidden\"><\/div><br \/>\n<section  class='av_textblock_section av-21z4t-2ebc96663eed8135ec27557de404e6d5'  itemscope=\"itemscope\" itemtype=\"https:\/\/schema.org\/CreativeWork\" ><div class='avia_textblock'  itemprop=\"text\" ><p>Ich bin Dr. Karin Semprini, \u00c4rztin f\u00fcr \u00c4sthetische Medizin und ich. Mein Team und ich arbeiten mit Freude und Leidenschaft an einer gemeinsamen Mission: Gesundheit, Vitalit\u00e4t und Sch\u00f6nheit auf m\u00f6glichst nat\u00fcrliche Weise zu erreichen und zu erhalten. F\u00fcr Sie. F\u00fcr uns. F\u00fcr Menschen jeden Alters.<\/p>\n<\/div><\/section><\/p>\n<\/div><\/div><\/div><div  class='av_gmaps_sc_main_wrap av_gmaps_main_wrap '><div id='av_gmap_0' class='avia-google-map-container avia-google-map-sc av_gmaps_show_unconditionally av-no-fallback-img ' data-mapid='av_gmap_0'  style='height: 400px;'><a class=\"av_gmaps_browser_disabled av_text_confirm_link av_text_confirm_link_visible\" href=\"https:\/\/www.google.com\/maps\/search\/?api=1&#038;query=Achheimstr.%203a%2082319%20Starnberg%20Bayern%20Deutschland\" target=\"_blank\" rel=\"noopener\">Maps were disabled by the visitor on this site. Click to open the map in a new window.<\/a><\/div><\/div><\/p>\n","protected":false},"excerpt":{"rendered":"","protected":false},"author":1,"featured_media":0,"parent":0,"menu_order":0,"comment_status":"open","ping_status":"closed","template":"","meta":{"footnotes":""},"class_list":["post-21","page","type-page","status-publish","hentry"],"yoast_head":"<!-- This site is optimized with the Yoast SEO plugin v23.0 - https:\/\/yoast.com\/wordpress\/plugins\/seo\/ -->\n<title>Kontakt - Dr. med. Karin Semprini | Revital | Infusionen | K\u00e4ltetherapie<\/title>\n<meta name=\"description\" content=\"Lernen Sie unsere vielseitigen Behandlungsmethoden in unserer Praxis in Starnberg kennen: Insusionen, K\u00e4tethearpie und unsere \u00e4sthetische Medizin.\" \/>\n<meta name=\"robots\" content=\"index, follow, max-snippet:-1, max-image-preview:large, max-video-preview:-1\" \/>\n<link rel=\"canonical\" href=\"https:\/\/www.anti-aging-sta.de\/?page_id=21\" \/>\n<meta property=\"og:locale\" content=\"en_US\" \/>\n<meta property=\"og:type\" content=\"article\" \/>\n<meta property=\"og:title\" content=\"Kontakt - Dr. med. Karin Semprini | Revital | Infusionen | K\u00e4ltetherapie\" \/>\n<meta property=\"og:description\" content=\"Lernen Sie unsere vielseitigen Behandlungsmethoden in unserer Praxis in Starnberg kennen: Insusionen, K\u00e4tethearpie und unsere \u00e4sthetische Medizin.\" \/>\n<meta property=\"og:url\" content=\"https:\/\/www.anti-aging-sta.de\/?page_id=21\" \/>\n<meta property=\"og:site_name\" content=\"Dr. med. Karin Semprini | Revital | Infusionen | K\u00e4ltetherapie\" \/>\n<meta property=\"article:modified_time\" content=\"2023-03-09T08:23:34+00:00\" \/>\n<meta name=\"twitter:card\" content=\"summary_large_image\" \/>\n<meta name=\"twitter:label1\" content=\"Est. reading time\" \/>\n\t<meta name=\"twitter:data1\" content=\"5 minutes\" \/>\n<script type=\"application\/ld+json\" class=\"yoast-schema-graph\">{\"@context\":\"https:\/\/schema.org\",\"@graph\":[{\"@type\":\"WebPage\",\"@id\":\"https:\/\/www.anti-aging-sta.de\/?page_id=21\",\"url\":\"https:\/\/www.anti-aging-sta.de\/?page_id=21\",\"name\":\"Kontakt - Dr. med. Karin Semprini | Revital | Infusionen | K\u00e4ltetherapie\",\"isPartOf\":{\"@id\":\"https:\/\/www.anti-aging-sta.de\/#website\"},\"datePublished\":\"2015-02-22T20:09:33+00:00\",\"dateModified\":\"2023-03-09T08:23:34+00:00\",\"description\":\"Lernen Sie unsere vielseitigen Behandlungsmethoden in unserer Praxis in Starnberg kennen: Insusionen, K\u00e4tethearpie und unsere \u00e4sthetische Medizin.\",\"breadcrumb\":{\"@id\":\"https:\/\/www.anti-aging-sta.de\/?page_id=21#breadcrumb\"},\"inLanguage\":\"en-US\",\"potentialAction\":[{\"@type\":\"ReadAction\",\"target\":[\"https:\/\/www.anti-aging-sta.de\/?page_id=21\"]}]},{\"@type\":\"BreadcrumbList\",\"@id\":\"https:\/\/www.anti-aging-sta.de\/?page_id=21#breadcrumb\",\"itemListElement\":[{\"@type\":\"ListItem\",\"position\":1,\"name\":\"Startseite\",\"item\":\"https:\/\/www.anti-aging-sta.de\/\"},{\"@type\":\"ListItem\",\"position\":2,\"name\":\"Kontakt\"}]},{\"@type\":\"WebSite\",\"@id\":\"https:\/\/www.anti-aging-sta.de\/#website\",\"url\":\"https:\/\/www.anti-aging-sta.de\/\",\"name\":\"Dr. med. Karin Semprini | Revital | Infusionen | K\u00e4ltetherapie\",\"description\":\"Revitalisierung von K\u00f6rper und Geist\",\"potentialAction\":[{\"@type\":\"SearchAction\",\"target\":{\"@type\":\"EntryPoint\",\"urlTemplate\":\"https:\/\/www.anti-aging-sta.de\/?s={search_term_string}\"},\"query-input\":\"required name=search_term_string\"}],\"inLanguage\":\"en-US\"}]}<\/script>\n<!-- \/ Yoast SEO plugin. -->","yoast_head_json":{"title":"Kontakt - Dr. med. Karin Semprini | Revital | Infusionen | K\u00e4ltetherapie","description":"Lernen Sie unsere vielseitigen Behandlungsmethoden in unserer Praxis in Starnberg kennen: Insusionen, K\u00e4tethearpie und unsere \u00e4sthetische Medizin.","robots":{"index":"index","follow":"follow","max-snippet":"max-snippet:-1","max-image-preview":"max-image-preview:large","max-video-preview":"max-video-preview:-1"},"canonical":"https:\/\/www.anti-aging-sta.de\/?page_id=21","og_locale":"en_US","og_type":"article","og_title":"Kontakt - Dr. med. Karin Semprini | Revital | Infusionen | K\u00e4ltetherapie","og_description":"Lernen Sie unsere vielseitigen Behandlungsmethoden in unserer Praxis in Starnberg kennen: Insusionen, K\u00e4tethearpie und unsere \u00e4sthetische Medizin.","og_url":"https:\/\/www.anti-aging-sta.de\/?page_id=21","og_site_name":"Dr. med. Karin Semprini | Revital | Infusionen | K\u00e4ltetherapie","article_modified_time":"2023-03-09T08:23:34+00:00","twitter_card":"summary_large_image","twitter_misc":{"Est. reading time":"5 minutes"},"schema":{"@context":"https:\/\/schema.org","@graph":[{"@type":"WebPage","@id":"https:\/\/www.anti-aging-sta.de\/?page_id=21","url":"https:\/\/www.anti-aging-sta.de\/?page_id=21","name":"Kontakt - Dr. med. Karin Semprini | Revital | Infusionen | K\u00e4ltetherapie","isPartOf":{"@id":"https:\/\/www.anti-aging-sta.de\/#website"},"datePublished":"2015-02-22T20:09:33+00:00","dateModified":"2023-03-09T08:23:34+00:00","description":"Lernen Sie unsere vielseitigen Behandlungsmethoden in unserer Praxis in Starnberg kennen: Insusionen, K\u00e4tethearpie und unsere \u00e4sthetische Medizin.","breadcrumb":{"@id":"https:\/\/www.anti-aging-sta.de\/?page_id=21#breadcrumb"},"inLanguage":"en-US","potentialAction":[{"@type":"ReadAction","target":["https:\/\/www.anti-aging-sta.de\/?page_id=21"]}]},{"@type":"BreadcrumbList","@id":"https:\/\/www.anti-aging-sta.de\/?page_id=21#breadcrumb","itemListElement":[{"@type":"ListItem","position":1,"name":"Startseite","item":"https:\/\/www.anti-aging-sta.de\/"},{"@type":"ListItem","position":2,"name":"Kontakt"}]},{"@type":"WebSite","@id":"https:\/\/www.anti-aging-sta.de\/#website","url":"https:\/\/www.anti-aging-sta.de\/","name":"Dr. med. Karin Semprini | Revital | Infusionen | K\u00e4ltetherapie","description":"Revitalisierung von K\u00f6rper und Geist","potentialAction":[{"@type":"SearchAction","target":{"@type":"EntryPoint","urlTemplate":"https:\/\/www.anti-aging-sta.de\/?s={search_term_string}"},"query-input":"required name=search_term_string"}],"inLanguage":"en-US"}]}},"_links":{"self":[{"href":"https:\/\/www.anti-aging-sta.de\/index.php?rest_route=\/wp\/v2\/pages\/21","targetHints":{"allow":["GET"]}}],"collection":[{"href":"https:\/\/www.anti-aging-sta.de\/index.php?rest_route=\/wp\/v2\/pages"}],"about":[{"href":"https:\/\/www.anti-aging-sta.de\/index.php?rest_route=\/wp\/v2\/types\/page"}],"author":[{"embeddable":true,"href":"https:\/\/www.anti-aging-sta.de\/index.php?rest_route=\/wp\/v2\/users\/1"}],"replies":[{"embeddable":true,"href":"https:\/\/www.anti-aging-sta.de\/index.php?rest_route=%2Fwp%2Fv2%2Fcomments&post=21"}],"version-history":[{"count":27,"href":"https:\/\/www.anti-aging-sta.de\/index.php?rest_route=\/wp\/v2\/pages\/21\/revisions"}],"predecessor-version":[{"id":2647,"href":"https:\/\/www.anti-aging-sta.de\/index.php?rest_route=\/wp\/v2\/pages\/21\/revisions\/2647"}],"wp:attachment":[{"href":"https:\/\/www.anti-aging-sta.de\/index.php?rest_route=%2Fwp%2Fv2%2Fmedia&parent=21"}],"curies":[{"name":"wp","href":"https:\/\/api.w.org\/{rel}","templated":true}]}}